{"id":286,"date":"2020-01-28T11:55:18","date_gmt":"2020-01-28T11:55:18","guid":{"rendered":"http:\/\/deiferreyra.com\/?page_id=286"},"modified":"2025-01-24T14:53:05","modified_gmt":"2025-01-24T14:53:05","slug":"bienvenida","status":"publish","type":"page","link":"https:\/\/deiferreyra.com\/","title":{"rendered":"Inicio"},"content":{"rendered":"\t\t<div data-elementor-type=\"wp-page\" data-elementor-id=\"286\" class=\"elementor elementor-286\" data-elementor-post-type=\"page\">\n\t\t\t\t\t\t<section class=\"elementor-section elementor-top-section elementor-element elementor-element-e5706e1 elementor-section-boxed elementor-section-height-default elementor-section-height-default\" data-id=\"e5706e1\" data-element_type=\"section\" data-e-type=\"section\">\n\t\t\t\t\t\t<div class=\"elementor-container elementor-column-gap-default\">\n\t\t\t\t\t<div class=\"elementor-column elementor-col-100 elementor-top-column elementor-element elementor-element-c84424c\" data-id=\"c84424c\" data-element_type=\"column\" data-e-type=\"column\">\n\t\t\t<div class=\"elementor-widget-wrap elementor-element-populated\">\n\t\t\t\t\t\t<div class=\"elementor-element elementor-element-aebf0b0 elementor-view-default elementor-position-block-start elementor-mobile-position-block-start elementor-widget elementor-widget-icon-box\" data-id=\"aebf0b0\" data-element_type=\"widget\" data-e-type=\"widget\" data-widget_type=\"icon-box.default\">\n\t\t\t\t<div class=\"elementor-widget-container\">\n\t\t\t\t\t\t\t<div class=\"elementor-icon-box-wrapper\">\n\n\t\t\t\t\t\t<div class=\"elementor-icon-box-icon\">\n\t\t\t\t<span  class=\"elementor-icon\">\n\t\t\t\t<i aria-hidden=\"true\" class=\"fas fa-hands-helping\"><\/i>\t\t\t\t<\/span>\n\t\t\t<\/div>\n\t\t\t\n\t\t\t\t\t\t<div class=\"elementor-icon-box-content\">\n\n\t\t\t\t\t\t\t\t\t<h3 class=\"elementor-icon-box-title\">\n\t\t\t\t\t\t<span  >\n\t\t\t\t\t\t\tMensaje de bienvenida\t\t\t\t\t\t<\/span>\n\t\t\t\t\t<\/h3>\n\t\t\t\t\n\t\t\t\t\n\t\t\t<\/div>\n\t\t\t\n\t\t<\/div>\n\t\t\t\t\t\t<\/div>\n\t\t\t\t<\/div>\n\t\t\t\t\t<\/div>\n\t\t<\/div>\n\t\t\t\t\t<\/div>\n\t\t<\/section>\n\t\t\t\t<section class=\"elementor-section elementor-top-section elementor-element elementor-element-d0b8ecc elementor-section-boxed elementor-section-height-default elementor-section-height-default\" data-id=\"d0b8ecc\" data-element_type=\"section\" data-e-type=\"section\">\n\t\t\t\t\t\t<div class=\"elementor-container elementor-column-gap-default\">\n\t\t\t\t\t<div class=\"elementor-column elementor-col-100 elementor-top-column elementor-element elementor-element-fab3c00\" data-id=\"fab3c00\" data-element_type=\"column\" data-e-type=\"column\">\n\t\t\t<div class=\"elementor-widget-wrap elementor-element-populated\">\n\t\t\t\t\t\t<div class=\"elementor-element elementor-element-cc9f514 elementor-widget elementor-widget-heading\" data-id=\"cc9f514\" data-element_type=\"widget\" data-e-type=\"widget\" data-widget_type=\"heading.default\">\n\t\t\t\t<div class=\"elementor-widget-container\">\n\t\t\t\t\t<h4 class=\"elementor-heading-title elementor-size-default\">\"Educar hombres, crear l\u00edderes\"<\/h4>\t\t\t\t<\/div>\n\t\t\t\t<\/div>\n\t\t\t\t<div class=\"elementor-element elementor-element-d3c903f elementor-widget elementor-widget-text-editor\" data-id=\"d3c903f\" data-element_type=\"widget\" data-e-type=\"widget\" data-widget_type=\"text-editor.default\">\n\t\t\t\t<div class=\"elementor-widget-container\">\n\t\t\t\t\t\t\t\t\t<h6>A principios de 2020, con un proyecto claro y definido para desarrollarse en diferentes etapas, se formaliz\u00f3 la creaci\u00f3n del Departamento de Docencia e Investigaci\u00f3n para el sistema de salud p\u00fablico de Necochea.&nbsp;<\/h6>\n<h6>Este departamento, liderado por un Jefe de Servicio y respaldado por un Comit\u00e9 de Docencia e Investigaci\u00f3n, inici\u00f3 sus actividades con tareas administrativas relacionadas con los rotantes de pregrado y posgrado (residencias), al tiempo que promov\u00eda iniciativas educativas como ateneos interdisciplinarios y proyectos de investigaci\u00f3n.&nbsp;<\/h6>\n<h6>Entre sus logros destacados se encuentra la creaci\u00f3n de la Revista del Hospital \u00abDr. Emilio Ferreyra\u00bb, concebida como un espacio para que el personal del hospital publique sus investigaciones. Adem\u00e1s, se impuls\u00f3 la educaci\u00f3n virtual (<i>e-learning<\/i>) e h\u00edbrida (<i>b-learning<\/i>) mediante la implementaci\u00f3n de un campus virtual propio.&nbsp;<\/h6>\n<h6>Sin embargo, las expectativas y el \u00edmpetu inicial del proyecto se vieron afectados por la pandemia de COVID-19, que estall\u00f3 ese mismo a\u00f1o y oblig\u00f3 al personal del departamento a concentrarse en tareas asistenciales.&nbsp;<\/h6>\n<h6>Superada la pandemia, retomamos nuestro camino con el proyecto a\u00fan vigente y el compromiso renovado de desarrollarlo en su totalidad. Nuestro trabajo, tan altruista como desafiante, tiene como objetivo acompa\u00f1ar, potenciar y formar mejores profesionales, sin perder de vista los valores humanos que nos inspiran.&nbsp;<\/h6>\n<h6>Educar hombres y crear l\u00edderes \u00edntegros no es solo nuestra misi\u00f3n, es nuestra convicci\u00f3n.<\/h6>\n<h6>&nbsp;<\/h6>\n<h6><span style=\"color: #660067;\"><b>Dra. Liliana Figueroa<\/b><\/span><br><span style=\"font-family: 'Open Sans', sans-serif; font-size: 1.6rem; font-weight: 500;\">Actual Jefe de Servicio<br><\/span><span style=\"font-family: 'Open Sans', sans-serif; font-size: 1.6rem; font-weight: 500;\">Departamento de Docencia e Investigaci\u00f3n<\/span><\/h6>\n<h6><span style=\"font-variant-ligatures: normal; font-variant-caps: normal; font-family: &quot;Open Sans&quot;, sans-serif; font-size: 16px; font-style: normal; font-weight: 500; color: rgb(102, 0, 103);\"><span style=\"font-weight: 700;\">Dr. Pablo Blanco<\/span><\/span><br><span style=\"font-variant-ligatures: normal; font-variant-caps: normal; font-family: &quot;Open Sans&quot;, sans-serif; font-size: 1.6rem; font-style: normal; font-weight: 500;\">Ex- Jefe de Servicio y Fundador<br><\/span><span style=\"font-variant-ligatures: normal; font-variant-caps: normal; font-family: &quot;Open Sans&quot;, sans-serif; font-size: 1.6rem; font-style: normal; font-weight: 500;\">Departamento de Docencia e Investigaci\u00f3n<\/span><span style=\"font-family: 'Open Sans', sans-serif; font-size: 1.6rem; font-weight: 500;\"><\/span><\/h6>\t\t\t\t\t\t\t\t<\/div>\n\t\t\t\t<\/div>\n\t\t\t\t\t<\/div>\n\t\t<\/div>\n\t\t\t\t\t<\/div>\n\t\t<\/section>\n\t\t\t\t<\/div>\n\t\t","protected":false},"excerpt":{"rendered":"<p>Mensaje de bienvenida \u00abEducar hombres, crear l\u00edderes\u00bb A principios de 2020, con un proyecto claro y definido para desarrollarse en<\/p>\n","protected":false},"author":1,"featured_media":0,"parent":0,"menu_order":0,"comment_status":"closed","ping_status":"closed","template":"","meta":{"footnotes":""},"class_list":["post-286","page","type-page","status-publish","hentry"],"_links":{"self":[{"href":"https:\/\/deiferreyra.com\/index.php\/wp-json\/wp\/v2\/pages\/286","targetHints":{"allow":["GET"]}}],"collection":[{"href":"https:\/\/deiferreyra.com\/index.php\/wp-json\/wp\/v2\/pages"}],"about":[{"href":"https:\/\/deiferreyra.com\/index.php\/wp-json\/wp\/v2\/types\/page"}],"author":[{"embeddable":true,"href":"https:\/\/deiferreyra.com\/index.php\/wp-json\/wp\/v2\/users\/1"}],"replies":[{"embeddable":true,"href":"https:\/\/deiferreyra.com\/index.php\/wp-json\/wp\/v2\/comments?post=286"}],"version-history":[{"count":120,"href":"https:\/\/deiferreyra.com\/index.php\/wp-json\/wp\/v2\/pages\/286\/revisions"}],"predecessor-version":[{"id":1632,"href":"https:\/\/deiferreyra.com\/index.php\/wp-json\/wp\/v2\/pages\/286\/revisions\/1632"}],"wp:attachment":[{"href":"https:\/\/deiferreyra.com\/index.php\/wp-json\/wp\/v2\/media?parent=286"}],"curies":[{"name":"wp","href":"https:\/\/api.w.org\/{rel}","templated":true}]}}