{"id":1633,"date":"2025-01-24T15:01:26","date_gmt":"2025-01-24T15:01:26","guid":{"rendered":"https:\/\/deiferreyra.com\/?page_id=1633"},"modified":"2025-02-01T09:36:36","modified_gmt":"2025-02-01T09:36:36","slug":"pregrado","status":"publish","type":"page","link":"https:\/\/deiferreyra.com\/index.php\/pregrado\/","title":{"rendered":"Pregrado"},"content":{"rendered":"\t\t<div data-elementor-type=\"wp-page\" data-elementor-id=\"1633\" class=\"elementor elementor-1633\" data-elementor-post-type=\"page\">\n\t\t\t\t\t\t<section class=\"elementor-section elementor-top-section elementor-element elementor-element-0be7892 elementor-section-boxed elementor-section-height-default elementor-section-height-default\" data-id=\"0be7892\" data-element_type=\"section\" data-e-type=\"section\">\n\t\t\t\t\t\t<div class=\"elementor-container elementor-column-gap-default\">\n\t\t\t\t\t<div class=\"elementor-column elementor-col-100 elementor-top-column elementor-element elementor-element-229d78e\" data-id=\"229d78e\" data-element_type=\"column\" data-e-type=\"column\">\n\t\t\t<div class=\"elementor-widget-wrap elementor-element-populated\">\n\t\t\t\t\t\t<div class=\"elementor-element elementor-element-15c9be1 elementor-view-default elementor-position-block-start elementor-mobile-position-block-start elementor-widget elementor-widget-icon-box\" data-id=\"15c9be1\" data-element_type=\"widget\" data-e-type=\"widget\" data-widget_type=\"icon-box.default\">\n\t\t\t\t<div class=\"elementor-widget-container\">\n\t\t\t\t\t\t\t<div class=\"elementor-icon-box-wrapper\">\n\n\t\t\t\t\t\t<div class=\"elementor-icon-box-icon\">\n\t\t\t\t<span  class=\"elementor-icon\">\n\t\t\t\t<i aria-hidden=\"true\" class=\"fas fa-book-reader\"><\/i>\t\t\t\t<\/span>\n\t\t\t<\/div>\n\t\t\t\n\t\t\t\t\t\t<div class=\"elementor-icon-box-content\">\n\n\t\t\t\t\t\t\t\t\t<h3 class=\"elementor-icon-box-title\">\n\t\t\t\t\t\t<span  >\n\t\t\t\t\t\t\tPregrado\t\t\t\t\t\t<\/span>\n\t\t\t\t\t<\/h3>\n\t\t\t\t\n\t\t\t\t\n\t\t\t<\/div>\n\t\t\t\n\t\t<\/div>\n\t\t\t\t\t\t<\/div>\n\t\t\t\t<\/div>\n\t\t\t\t\t<\/div>\n\t\t<\/div>\n\t\t\t\t\t<\/div>\n\t\t<\/section>\n\t\t\t\t<section class=\"elementor-section elementor-top-section elementor-element elementor-element-2402abb elementor-section-boxed elementor-section-height-default elementor-section-height-default\" data-id=\"2402abb\" data-element_type=\"section\" data-e-type=\"section\">\n\t\t\t\t\t\t<div class=\"elementor-container elementor-column-gap-default\">\n\t\t\t\t\t<div class=\"elementor-column elementor-col-100 elementor-top-column elementor-element elementor-element-84e3701\" data-id=\"84e3701\" data-element_type=\"column\" data-e-type=\"column\">\n\t\t\t<div class=\"elementor-widget-wrap elementor-element-populated\">\n\t\t\t\t\t\t<div class=\"elementor-element elementor-element-79b3a96 elementor-widget elementor-widget-text-editor\" data-id=\"79b3a96\" data-element_type=\"widget\" data-e-type=\"widget\" data-widget_type=\"text-editor.default\">\n\t\t\t\t<div class=\"elementor-widget-container\">\n\t\t\t\t\t\t\t\t\t<h6>El municipio mantiene convenios con la Universidad Nacional de La Plata (UNLP), la Universidad de Buenos Aires (UBA), la Universidad Nacional de Mar del Plata (<span style=\"background-color: rgb(249, 249, 249); color: rgb(17, 17, 17); font-family: Roboto, &quot;Helvetica Neue&quot;, Helvetica, Arial, sans-serif; font-size: 16px; font-style: normal; font-variant-ligatures: normal; font-variant-caps: normal; font-weight: 400; text-align: start;\">UNMdP)&nbsp;<\/span><span style=\"font-family: &quot;Open Sans&quot;, sans-serif; font-size: 1.6rem; font-weight: 500;\">y la Universidad Nacional del Centro (UNICEN, sede Olavarr\u00eda) para la realizaci\u00f3n del Practicantado Final Obligatorio (PFO) de la carrera de Medicina. Las rotaciones se llevan a cabo en el Hospital \u00abDr. Emilio Ferreyra\u00bb y en los Centros de Atenci\u00f3n Primaria de la Salud (APS) del distrito.<\/span><\/h6>\n<h6>Asimismo, se han establecido convenios con la Escuela de Enfermer\u00eda, hist\u00f3ricamente ubicada en el Hospital \u00abDr. Emilio Ferreyra\u00bb, y con la Escuela de Enfermer\u00eda del Instituto Superior R\u00edo Quequ\u00e9n, cuyos estudiantes realizan sus rotaciones pr\u00e1cticas en el mencionado hospital.<\/h6>\n<h6>Desde el Departamento de Docencia e Investigaci\u00f3n, seguimos trabajando para establecer nuevos convenios que ampl\u00eden la oferta educativa y las oportunidades de formaci\u00f3n para los futuros profesionales de la salud.<\/h6>\t\t\t\t\t\t\t\t<\/div>\n\t\t\t\t<\/div>\n\t\t\t\t\t<\/div>\n\t\t<\/div>\n\t\t\t\t\t<\/div>\n\t\t<\/section>\n\t\t\t\t<\/div>\n\t\t","protected":false},"excerpt":{"rendered":"<p>Pregrado El municipio mantiene convenios con la Universidad Nacional de La Plata (UNLP), la Universidad de Buenos Aires (UBA), la<\/p>\n","protected":false},"author":1,"featured_media":0,"parent":0,"menu_order":0,"comment_status":"closed","ping_status":"closed","template":"","meta":{"footnotes":""},"class_list":["post-1633","page","type-page","status-publish","hentry"],"_links":{"self":[{"href":"https:\/\/deiferreyra.com\/index.php\/wp-json\/wp\/v2\/pages\/1633","targetHints":{"allow":["GET"]}}],"collection":[{"href":"https:\/\/deiferreyra.com\/index.php\/wp-json\/wp\/v2\/pages"}],"about":[{"href":"https:\/\/deiferreyra.com\/index.php\/wp-json\/wp\/v2\/types\/page"}],"author":[{"embeddable":true,"href":"https:\/\/deiferreyra.com\/index.php\/wp-json\/wp\/v2\/users\/1"}],"replies":[{"embeddable":true,"href":"https:\/\/deiferreyra.com\/index.php\/wp-json\/wp\/v2\/comments?post=1633"}],"version-history":[{"count":7,"href":"https:\/\/deiferreyra.com\/index.php\/wp-json\/wp\/v2\/pages\/1633\/revisions"}],"predecessor-version":[{"id":1659,"href":"https:\/\/deiferreyra.com\/index.php\/wp-json\/wp\/v2\/pages\/1633\/revisions\/1659"}],"wp:attachment":[{"href":"https:\/\/deiferreyra.com\/index.php\/wp-json\/wp\/v2\/media?parent=1633"}],"curies":[{"name":"wp","href":"https:\/\/api.w.org\/{rel}","templated":true}]}}